{"id":378,"date":"2023-03-15T14:07:16","date_gmt":"2023-03-15T13:07:16","guid":{"rendered":"https:\/\/www.bee-expert.net\/services\/?post_type=product&#038;p=378"},"modified":"2023-03-24T13:25:12","modified_gmt":"2023-03-24T12:25:12","slug":"accompagnement-administratif-niveau-3","status":"publish","type":"product","link":"https:\/\/www.bee-expert.net\/services\/produit\/accompagnement-administratif-niveau-3\/","title":{"rendered":"Accompagnement administratif &#8211; Niveau 3"},"content":{"rendered":"","protected":false},"excerpt":{"rendered":"<p>Consultation administrative t\u00e9l\u00e9phonique, \u00e9tude approfondie<\/p>\n<p>+ V\u00e9rification des documents manquants<\/p>\n<p>+ Relance documents par email<\/p>\n<p>+ Conseils aupr\u00e8s des organismes appropri\u00e9s<\/p>\n","protected":false},"featured_media":562,"comment_status":"open","ping_status":"closed","template":"","meta":[],"product_cat":[15],"product_tag":[],"_links":{"self":[{"href":"https:\/\/www.bee-expert.net\/services\/wp-json\/wp\/v2\/product\/378"}],"collection":[{"href":"https:\/\/www.bee-expert.net\/services\/wp-json\/wp\/v2\/product"}],"about":[{"href":"https:\/\/www.bee-expert.net\/services\/wp-json\/wp\/v2\/types\/product"}],"replies":[{"embeddable":true,"href":"https:\/\/www.bee-expert.net\/services\/wp-json\/wp\/v2\/comments?post=378"}],"version-history":[{"count":5,"href":"https:\/\/www.bee-expert.net\/services\/wp-json\/wp\/v2\/product\/378\/revisions"}],"predecessor-version":[{"id":616,"href":"https:\/\/www.bee-expert.net\/services\/wp-json\/wp\/v2\/product\/378\/revisions\/616"}],"wp:featuredmedia":[{"embeddable":true,"href":"https:\/\/www.bee-expert.net\/services\/wp-json\/wp\/v2\/media\/562"}],"wp:attachment":[{"href":"https:\/\/www.bee-expert.net\/services\/wp-json\/wp\/v2\/media?parent=378"}],"wp:term":[{"taxonomy":"product_cat","embeddable":true,"href":"https:\/\/www.bee-expert.net\/services\/wp-json\/wp\/v2\/product_cat?post=378"},{"taxonomy":"product_tag","embeddable":true,"href":"https:\/\/www.bee-expert.net\/services\/wp-json\/wp\/v2\/product_tag?post=378"}],"curies":[{"name":"wp","href":"https:\/\/api.w.org\/{rel}","templated":true}]}}