{"id":332,"date":"2023-03-15T12:43:21","date_gmt":"2023-03-15T11:43:21","guid":{"rendered":"https:\/\/www.bee-expert.net\/services\/?post_type=product&#038;p=332"},"modified":"2023-03-24T13:26:03","modified_gmt":"2023-03-24T12:26:03","slug":"assistance-administrative-telephonique","status":"publish","type":"product","link":"https:\/\/www.bee-expert.net\/services\/produit\/assistance-administrative-telephonique\/","title":{"rendered":"Assistance administrative t\u00e9l\u00e9phonique"},"content":{"rendered":"","protected":false},"excerpt":{"rendered":"<p>Consultation administrative t\u00e9l\u00e9phonique<\/p>\n","protected":false},"featured_media":556,"comment_status":"open","ping_status":"closed","template":"","meta":[],"product_cat":[15],"product_tag":[],"_links":{"self":[{"href":"https:\/\/www.bee-expert.net\/services\/wp-json\/wp\/v2\/product\/332"}],"collection":[{"href":"https:\/\/www.bee-expert.net\/services\/wp-json\/wp\/v2\/product"}],"about":[{"href":"https:\/\/www.bee-expert.net\/services\/wp-json\/wp\/v2\/types\/product"}],"replies":[{"embeddable":true,"href":"https:\/\/www.bee-expert.net\/services\/wp-json\/wp\/v2\/comments?post=332"}],"version-history":[{"count":4,"href":"https:\/\/www.bee-expert.net\/services\/wp-json\/wp\/v2\/product\/332\/revisions"}],"predecessor-version":[{"id":618,"href":"https:\/\/www.bee-expert.net\/services\/wp-json\/wp\/v2\/product\/332\/revisions\/618"}],"wp:featuredmedia":[{"embeddable":true,"href":"https:\/\/www.bee-expert.net\/services\/wp-json\/wp\/v2\/media\/556"}],"wp:attachment":[{"href":"https:\/\/www.bee-expert.net\/services\/wp-json\/wp\/v2\/media?parent=332"}],"wp:term":[{"taxonomy":"product_cat","embeddable":true,"href":"https:\/\/www.bee-expert.net\/services\/wp-json\/wp\/v2\/product_cat?post=332"},{"taxonomy":"product_tag","embeddable":true,"href":"https:\/\/www.bee-expert.net\/services\/wp-json\/wp\/v2\/product_tag?post=332"}],"curies":[{"name":"wp","href":"https:\/\/api.w.org\/{rel}","templated":true}]}}