{"id":330,"date":"2023-03-15T12:42:20","date_gmt":"2023-03-15T11:42:20","guid":{"rendered":"https:\/\/www.bee-expert.net\/services\/?post_type=product&#038;p=330"},"modified":"2023-03-24T13:26:08","modified_gmt":"2023-03-24T12:26:08","slug":"assistance-administrative-telephonique-et-email-jusqau-depot-en-ligne","status":"publish","type":"product","link":"https:\/\/www.bee-expert.net\/services\/produit\/assistance-administrative-telephonique-et-email-jusqau-depot-en-ligne\/","title":{"rendered":"Assistance administrative t\u00e9l\u00e9phonique et email jusq&#8217;au d\u00e9p\u00f4t en ligne"},"content":{"rendered":"","protected":false},"excerpt":{"rendered":"<p>Consultation administrative t\u00e9l\u00e9phonique<br \/>\n+ Assistance par email<br \/>\n+ Assistance pour d\u00e9p\u00f4t en ligne<\/p>\n","protected":false},"featured_media":559,"comment_status":"open","ping_status":"closed","template":"","meta":[],"product_cat":[15],"product_tag":[],"_links":{"self":[{"href":"https:\/\/www.bee-expert.net\/services\/wp-json\/wp\/v2\/product\/330"}],"collection":[{"href":"https:\/\/www.bee-expert.net\/services\/wp-json\/wp\/v2\/product"}],"about":[{"href":"https:\/\/www.bee-expert.net\/services\/wp-json\/wp\/v2\/types\/product"}],"replies":[{"embeddable":true,"href":"https:\/\/www.bee-expert.net\/services\/wp-json\/wp\/v2\/comments?post=330"}],"version-history":[{"count":5,"href":"https:\/\/www.bee-expert.net\/services\/wp-json\/wp\/v2\/product\/330\/revisions"}],"predecessor-version":[{"id":619,"href":"https:\/\/www.bee-expert.net\/services\/wp-json\/wp\/v2\/product\/330\/revisions\/619"}],"wp:featuredmedia":[{"embeddable":true,"href":"https:\/\/www.bee-expert.net\/services\/wp-json\/wp\/v2\/media\/559"}],"wp:attachment":[{"href":"https:\/\/www.bee-expert.net\/services\/wp-json\/wp\/v2\/media?parent=330"}],"wp:term":[{"taxonomy":"product_cat","embeddable":true,"href":"https:\/\/www.bee-expert.net\/services\/wp-json\/wp\/v2\/product_cat?post=330"},{"taxonomy":"product_tag","embeddable":true,"href":"https:\/\/www.bee-expert.net\/services\/wp-json\/wp\/v2\/product_tag?post=330"}],"curies":[{"name":"wp","href":"https:\/\/api.w.org\/{rel}","templated":true}]}}