{"id":326,"date":"2023-03-15T12:39:59","date_gmt":"2023-03-15T11:39:59","guid":{"rendered":"https:\/\/www.bee-expert.net\/services\/?post_type=product&#038;p=326"},"modified":"2023-03-24T13:26:31","modified_gmt":"2023-03-24T12:26:31","slug":"accompagnement-administratif-niveau-2","status":"publish","type":"product","link":"https:\/\/www.bee-expert.net\/services\/produit\/accompagnement-administratif-niveau-2\/","title":{"rendered":"Accompagnement administratif &#8211; Niveau 2"},"content":{"rendered":"","protected":false},"excerpt":{"rendered":"<p>Consultation administrative t\u00e9l\u00e9phonique, \u00e9tude approfondie + V\u00e9rification des documents manquants + Conseils aupr\u00e8s des organismes appropri\u00e9s<\/p>\n","protected":false},"featured_media":561,"comment_status":"open","ping_status":"closed","template":"","meta":[],"product_cat":[15],"product_tag":[],"_links":{"self":[{"href":"https:\/\/www.bee-expert.net\/services\/wp-json\/wp\/v2\/product\/326"}],"collection":[{"href":"https:\/\/www.bee-expert.net\/services\/wp-json\/wp\/v2\/product"}],"about":[{"href":"https:\/\/www.bee-expert.net\/services\/wp-json\/wp\/v2\/types\/product"}],"replies":[{"embeddable":true,"href":"https:\/\/www.bee-expert.net\/services\/wp-json\/wp\/v2\/comments?post=326"}],"version-history":[{"count":5,"href":"https:\/\/www.bee-expert.net\/services\/wp-json\/wp\/v2\/product\/326\/revisions"}],"predecessor-version":[{"id":621,"href":"https:\/\/www.bee-expert.net\/services\/wp-json\/wp\/v2\/product\/326\/revisions\/621"}],"wp:featuredmedia":[{"embeddable":true,"href":"https:\/\/www.bee-expert.net\/services\/wp-json\/wp\/v2\/media\/561"}],"wp:attachment":[{"href":"https:\/\/www.bee-expert.net\/services\/wp-json\/wp\/v2\/media?parent=326"}],"wp:term":[{"taxonomy":"product_cat","embeddable":true,"href":"https:\/\/www.bee-expert.net\/services\/wp-json\/wp\/v2\/product_cat?post=326"},{"taxonomy":"product_tag","embeddable":true,"href":"https:\/\/www.bee-expert.net\/services\/wp-json\/wp\/v2\/product_tag?post=326"}],"curies":[{"name":"wp","href":"https:\/\/api.w.org\/{rel}","templated":true}]}}