{"id":24,"date":"2019-04-18T11:08:43","date_gmt":"2019-04-18T09:08:43","guid":{"rendered":"https:\/\/envothemes.com\/envo-ecommerce\/product\/import-placeholder-for-61\/"},"modified":"2023-03-24T13:26:40","modified_gmt":"2023-03-24T12:26:40","slug":"accompagnement-complet","status":"publish","type":"product","link":"https:\/\/www.bee-expert.net\/services\/produit\/accompagnement-complet\/","title":{"rendered":"Accompagnement complet"},"content":{"rendered":"","protected":false},"excerpt":{"rendered":"<p>Consultation administrative t\u00e9l\u00e9phonique<\/p>\n<p>+ Assistance de d\u00e9p\u00f4t des dossiers aupr\u00e8s des organismes appropri\u00e9s<\/p>\n","protected":false},"featured_media":563,"comment_status":"open","ping_status":"closed","template":"","meta":[],"product_cat":[15],"product_tag":[],"_links":{"self":[{"href":"https:\/\/www.bee-expert.net\/services\/wp-json\/wp\/v2\/product\/24"}],"collection":[{"href":"https:\/\/www.bee-expert.net\/services\/wp-json\/wp\/v2\/product"}],"about":[{"href":"https:\/\/www.bee-expert.net\/services\/wp-json\/wp\/v2\/types\/product"}],"replies":[{"embeddable":true,"href":"https:\/\/www.bee-expert.net\/services\/wp-json\/wp\/v2\/comments?post=24"}],"version-history":[{"count":3,"href":"https:\/\/www.bee-expert.net\/services\/wp-json\/wp\/v2\/product\/24\/revisions"}],"predecessor-version":[{"id":622,"href":"https:\/\/www.bee-expert.net\/services\/wp-json\/wp\/v2\/product\/24\/revisions\/622"}],"wp:featuredmedia":[{"embeddable":true,"href":"https:\/\/www.bee-expert.net\/services\/wp-json\/wp\/v2\/media\/563"}],"wp:attachment":[{"href":"https:\/\/www.bee-expert.net\/services\/wp-json\/wp\/v2\/media?parent=24"}],"wp:term":[{"taxonomy":"product_cat","embeddable":true,"href":"https:\/\/www.bee-expert.net\/services\/wp-json\/wp\/v2\/product_cat?post=24"},{"taxonomy":"product_tag","embeddable":true,"href":"https:\/\/www.bee-expert.net\/services\/wp-json\/wp\/v2\/product_tag?post=24"}],"curies":[{"name":"wp","href":"https:\/\/api.w.org\/{rel}","templated":true}]}}